{"id":2755,"date":"2024-03-29T01:32:03","date_gmt":"2024-03-29T07:32:03","guid":{"rendered":"https:\/\/oaxacatransportation.com\/?page_id=2755"},"modified":"2024-06-07T06:13:44","modified_gmt":"2024-06-07T12:13:44","slug":"haftungsausschluss","status":"publish","type":"page","link":"https:\/\/mexicocityairporttaxi.com\/de\/disclaimer\/","title":{"rendered":"Haftungsausschluss"},"content":{"rendered":"<section class=\"gb-container gb-container-e94b6441\">\n<div class=\"gb-container gb-container-c7013488\">\n\n<h2 class=\"gb-headline gb-headline-e52e84d8 gb-headline-text\">Website Haftungsausschluss<\/h2>\n\n\n\n<p><a href=\"https:\/\/mexicocityairporttaxi.com\/de\/\" data-type=\"page\" data-id=\"2241\">MexicoCityFlughafenTaxi.com<\/a> ist eine unabh\u00e4ngige, informative Quelle f\u00fcr Mexiko-Stadt, Mexiko, die Transportdienste f\u00fcr diejenigen empfiehlt, die ein privates Flughafentaxi zum oder vom internationalen Flughafen Mexiko-Stadt reservieren m\u00f6chten.<\/p>\n\n\n\n<p>Durch die Nutzung oder den Zugriff auf MexicoCityAirportTaxi.com erkl\u00e4ren Sie sich mit unseren Bedingungen einverstanden. Auf dieser Website werden Informationen \u00fcber die von den oben genannten Transportanbietern erbrachten Dienstleistungen nach bestem Wissen und Gewissen dargestellt.\u00a0<\/p>\n\n\n\n<p>Obwohl wir unser Bestes tun, um die Richtigkeit der Informationen auf dieser Website zu \u00fcberpr\u00fcfen, besteht immer die M\u00f6glichkeit, dass die hier gefundenen Informationen veraltet oder falsch sind. Wir machen keine Anspr\u00fcche, Versprechungen oder Garantien \u00fcber die G\u00fcltigkeit, Genauigkeit und Angemessenheit des Inhalts dieser Website und lehnen ausdr\u00fccklich die Haftung f\u00fcr Fehler und Auslassungen in den hier dargestellten Informationen ab.&nbsp;<\/p>\n\n\n\n<p>Wir haften nicht f\u00fcr direkte oder indirekte Sch\u00e4den, Folgesch\u00e4den oder sonstige Sch\u00e4den, die sich aus der Nutzung der auf dieser Website enthaltenen Informationen ergeben. Bitte wenden Sie sich an die zust\u00e4ndigen \u00f6ffentlichen oder privaten Stellen, um die von Ihnen gesuchten Informationen zu \u00fcberpr\u00fcfen.<\/p>\n\n\n\n<p><a href=\"https:\/\/mexicocityairporttaxi.com\/de\/datenschutzbestimmungen\/\" data-type=\"page\" data-id=\"2242\"><span style=\"text-decoration: underline;\">Datenschutzbestimmungen<\/span><\/a><\/p>\n\n<\/div>\n<\/section>","protected":false},"excerpt":{"rendered":"<p>Website Disclaimer MexicoCityAirportTaxi.com is an independent, informative resource for Mexico City, Mexico that recommends transportation services to those who are interested in reserving a private airport taxi to or from Mexico City International Airport. By using or accessing\u00a0MexicoCityAirportTaxi.com\u00a0you agree to our terms and conditions. This website displays information about the transportation services provided by the &#8230; <a title=\"Haftungsausschluss\" class=\"read-more\" href=\"https:\/\/mexicocityairporttaxi.com\/de\/disclaimer\/\" aria-label=\"Mehr Informationen \u00fcber Disclaimer\">Weiterlesen &#8230;<\/a><\/p>","protected":false},"author":1,"featured_media":0,"parent":0,"menu_order":0,"comment_status":"closed","ping_status":"closed","template":"","meta":{"_monsterinsights_skip_tracking":false,"_monsterinsights_sitenote_active":false,"_monsterinsights_sitenote_note":"","_monsterinsights_sitenote_category":0,"footnotes":""},"class_list":["post-2755","page","type-page","status-publish"],"_links":{"self":[{"href":"https:\/\/mexicocityairporttaxi.com\/de\/wp-json\/wp\/v2\/pages\/2755","targetHints":{"allow":["GET"]}}],"collection":[{"href":"https:\/\/mexicocityairporttaxi.com\/de\/wp-json\/wp\/v2\/pages"}],"about":[{"href":"https:\/\/mexicocityairporttaxi.com\/de\/wp-json\/wp\/v2\/types\/page"}],"author":[{"embeddable":true,"href":"https:\/\/mexicocityairporttaxi.com\/de\/wp-json\/wp\/v2\/users\/1"}],"replies":[{"embeddable":true,"href":"https:\/\/mexicocityairporttaxi.com\/de\/wp-json\/wp\/v2\/comments?post=2755"}],"version-history":[{"count":5,"href":"https:\/\/mexicocityairporttaxi.com\/de\/wp-json\/wp\/v2\/pages\/2755\/revisions"}],"predecessor-version":[{"id":3059,"href":"https:\/\/mexicocityairporttaxi.com\/de\/wp-json\/wp\/v2\/pages\/2755\/revisions\/3059"}],"wp:attachment":[{"href":"https:\/\/mexicocityairporttaxi.com\/de\/wp-json\/wp\/v2\/media?parent=2755"}],"curies":[{"name":"wp","href":"https:\/\/api.w.org\/{rel}","templated":true}]}}