{"id":3109,"date":"2025-01-15T10:31:45","date_gmt":"2025-01-15T16:31:45","guid":{"rendered":"https:\/\/mexicocityairporttaxi.com\/?page_id=3109"},"modified":"2025-01-15T10:33:11","modified_gmt":"2025-01-15T16:33:11","slug":"haftungsausschluss-fur-partner","status":"publish","type":"page","link":"https:\/\/mexicocityairporttaxi.com\/de\/affiliate-disclaimer\/","title":{"rendered":"Haftungsausschluss f\u00fcr Partner"},"content":{"rendered":"<p><a href=\"https:\/\/mexicocityairporttaxi.com\/de\/\">MexicoCityFlughafenTaxi.com<\/a> ist bestrebt, den Reisenden m\u00f6glichst genaue und aktuelle Informationen zur Verf\u00fcgung zu stellen.<\/p>\n\n\n\n<p>Wir stecken viel harte Arbeit und Energie in die Erstellung dieser Flughafenf\u00fchrer f\u00fcr unsere Leser, und um unsere Bem\u00fchungen zu unterst\u00fctzen, nehmen wir an mehreren Reisepartner-Marketingprogrammen teil.<\/p>\n\n\n\n<p>Bitte beachten Sie, dass wir, wenn Sie auf bestimmte Links auf unserer Website klicken und einen Kauf oder eine Buchung t\u00e4tigen, eine Provision erhalten k\u00f6nnen, ohne dass Ihnen dadurch zus\u00e4tzliche Kosten entstehen.<\/p>\n\n\n\n<p>Diese Provisionen erm\u00f6glichen es uns, den Inhalt und die Dienstleistungen, die wir anbieten, weiterhin zu pflegen und zu verbessern.<\/p>\n\n\n\n<p>Wir sind stolz darauf, nur mit den vertrauensw\u00fcrdigsten Reisepartnerprogrammen zusammenzuarbeiten, einschlie\u00dflich, aber nicht beschr\u00e4nkt auf:<\/p>\n\n\n\n<ul class=\"wp-block-list\">\n<li><strong>Civitatis<\/strong>: Touren, Aktivit\u00e4ten, Flughafentransfers und Reiseerlebnisse.<\/li>\n\n\n\n<li><strong>Viator<\/strong>: F\u00fchrungen, Eintrittskarten und Aktivit\u00e4ten.<\/li>\n\n\n\n<li><strong>WillkommenAbholung<\/strong>: Hochwertige Flughafentransfer- und Transportdienstleistungen.<\/li>\n\n\n\n<li><strong>Alosim<\/strong>: Bequeme eSIM-L\u00f6sungen f\u00fcr Reisende.<\/li>\n\n\n\n<li><strong>Buchen.com<\/strong>: F\u00fchrende Plattform f\u00fcr die Buchung von Unterk\u00fcnften.<\/li>\n\n\n\n<li><strong>Skyscanner<\/strong>: Vergleichen Sie Preise f\u00fcr Fl\u00fcge, Hotels und Autovermietungen.<\/li>\n\n\n\n<li><strong>Autos entdecken<\/strong>: Erschwingliche Autovermietungen weltweit.<\/li>\n<\/ul>\n\n\n\n<p>Bitte beachten Sie, dass wir zwar bestrebt sind, unseren Lesern nur die hochwertigsten Produkte und Dienstleistungen zu empfehlen, die Kaufentscheidungen aber letztlich bei Ihnen liegen. Wie immer empfehlen wir Ihnen, vor dem Kauf eines Produkts oder einer Dienstleistung alle Bedingungen und Konditionen zu pr\u00fcfen.<\/p>\n\n\n\n<p>Durch die Nutzung dieser Website erkl\u00e4ren Sie sich damit einverstanden, dass <a href=\"https:\/\/mexicocityairporttaxi.com\/de\/\">MexicoCityFlughafenTaxi.com<\/a> k\u00f6nnen wie oben beschrieben Partnerprovisionen erhalten.<\/p>\n\n\n\n<p>Vielen Dank f\u00fcr Ihre anhaltende Unterst\u00fctzung!<\/p>","protected":false},"excerpt":{"rendered":"<p>MexicoCityAirportTaxi.com is committed to providing the most accurate, up-to-date information to travelers. We put a lot of hard work and energy into creating these airport guides for our readers and in order to help support our efforts, we participate in several travel affiliate marketing programs. Please note that if you click on certain links on &#8230; <a title=\"Haftungsausschluss f\u00fcr Partner\" class=\"read-more\" href=\"https:\/\/mexicocityairporttaxi.com\/de\/affiliate-disclaimer\/\" aria-label=\"Mehr Informationen \u00fcber Affiliate Disclaimer\">Weiterlesen &#8230;<\/a><\/p>","protected":false},"author":1,"featured_media":0,"parent":0,"menu_order":0,"comment_status":"closed","ping_status":"closed","template":"","meta":{"_monsterinsights_skip_tracking":false,"_monsterinsights_sitenote_active":false,"_monsterinsights_sitenote_note":"","_monsterinsights_sitenote_category":0,"footnotes":""},"class_list":["post-3109","page","type-page","status-publish"],"_links":{"self":[{"href":"https:\/\/mexicocityairporttaxi.com\/de\/wp-json\/wp\/v2\/pages\/3109","targetHints":{"allow":["GET"]}}],"collection":[{"href":"https:\/\/mexicocityairporttaxi.com\/de\/wp-json\/wp\/v2\/pages"}],"about":[{"href":"https:\/\/mexicocityairporttaxi.com\/de\/wp-json\/wp\/v2\/types\/page"}],"author":[{"embeddable":true,"href":"https:\/\/mexicocityairporttaxi.com\/de\/wp-json\/wp\/v2\/users\/1"}],"replies":[{"embeddable":true,"href":"https:\/\/mexicocityairporttaxi.com\/de\/wp-json\/wp\/v2\/comments?post=3109"}],"version-history":[{"count":2,"href":"https:\/\/mexicocityairporttaxi.com\/de\/wp-json\/wp\/v2\/pages\/3109\/revisions"}],"predecessor-version":[{"id":3112,"href":"https:\/\/mexicocityairporttaxi.com\/de\/wp-json\/wp\/v2\/pages\/3109\/revisions\/3112"}],"wp:attachment":[{"href":"https:\/\/mexicocityairporttaxi.com\/de\/wp-json\/wp\/v2\/media?parent=3109"}],"curies":[{"name":"wp","href":"https:\/\/api.w.org\/{rel}","templated":true}]}}