{"id":78,"date":"2024-01-22T21:19:37","date_gmt":"2024-01-22T21:19:37","guid":{"rendered":"https:\/\/poolswift.wordifysites.com\/?page_id=78"},"modified":"2024-09-16T17:33:59","modified_gmt":"2024-09-16T23:33:59","slug":"kontaktieren-sie-uns","status":"publish","type":"page","link":"https:\/\/mexicocityairporttaxi.com\/de\/contact-us\/","title":{"rendered":"Kontakt"},"content":{"rendered":"<section class=\"gb-container gb-container-a4adddaa\">\n<div class=\"gb-container gb-container-92ffa5ba\">\n<div class=\"gb-container gb-container-1f6b9cc9\">\n\n<figure class=\"gb-block-image gb-block-image-27dacfb3\"><img loading=\"lazy\" decoding=\"async\" width=\"512\" height=\"512\" class=\"gb-image gb-image-27dacfb3\" src=\"https:\/\/mexicocityairporttaxi.com\/wp-content\/uploads\/2024\/05\/cropped-Mexico-City-Airport-Taxi-Favicon.png\" alt=\"Mexico City Airport Taxi Favicon\" title=\"cropped-Mexico-City-Airport-Taxi-Favicon.png\" srcset=\"https:\/\/mexicocityairporttaxi.com\/wp-content\/uploads\/2024\/05\/cropped-Mexico-City-Airport-Taxi-Favicon.png 512w, https:\/\/mexicocityairporttaxi.com\/wp-content\/uploads\/2024\/05\/cropped-Mexico-City-Airport-Taxi-Favicon-300x300.png 300w, https:\/\/mexicocityairporttaxi.com\/wp-content\/uploads\/2024\/05\/cropped-Mexico-City-Airport-Taxi-Favicon-150x150.png 150w, https:\/\/mexicocityairporttaxi.com\/wp-content\/uploads\/2024\/05\/cropped-Mexico-City-Airport-Taxi-Favicon-12x12.png 12w, https:\/\/mexicocityairporttaxi.com\/wp-content\/uploads\/2024\/05\/cropped-Mexico-City-Airport-Taxi-Favicon-270x270.png 270w, https:\/\/mexicocityairporttaxi.com\/wp-content\/uploads\/2024\/05\/cropped-Mexico-City-Airport-Taxi-Favicon-192x192.png 192w, https:\/\/mexicocityairporttaxi.com\/wp-content\/uploads\/2024\/05\/cropped-Mexico-City-Airport-Taxi-Favicon-180x180.png 180w, https:\/\/mexicocityairporttaxi.com\/wp-content\/uploads\/2024\/05\/cropped-Mexico-City-Airport-Taxi-Favicon-32x32.png 32w\" sizes=\"auto, (max-width: 512px) 100vw, 512px\" \/><\/figure>\n\n\n\n<h2 class=\"gb-headline gb-headline-85a6c82f gb-headline-text\">Contact Us<\/h2>\n\n\n\n<p class=\"gb-headline gb-headline-de7d2aa0 gb-headline-text\">Questions, comments, feedback? Please fill out the form and we&#8217;ll be in touch as soon as possible.<\/p>\n\n\n<div class=\"gb-container gb-container-b108890d\">\n<div class=\"gb-container gb-container-30000f2f\">\n\n<span class=\"gb-button gb-button-296564e8\"><span class=\"gb-icon\"><svg aria-hidden=\"true\" role=\"img\" height=\"1em\" width=\"1em\" viewBox=\"0 0 384 512\" xmlns=\"http:\/\/www.w3.org\/2000\/svg\"><path fill=\"currentColor\" d=\"M172.268 501.67C26.97 291.031 0 269.413 0 192 0 85.961 85.961 0 192 0s192 85.961 192 192c0 77.413-26.97 99.031-172.268 309.67-9.535 13.774-29.93 13.773-39.464 0zM192 272c44.183 0 80-35.817 80-80s-35.817-80-80-80-80 35.817-80 80 35.817 80 80 80z\"><\/path><\/svg><\/span><\/span>\n\n\n<div class=\"gb-container gb-container-7adc10a9\">\n\n<p class=\"gb-headline gb-headline-12970e52 gb-headline-text\"><strong>Address<\/strong><\/p>\n\n\n\n<p class=\"gb-headline gb-headline-78814009 gb-headline-text\">Plaza de la Constituci\u00f3n, Centro Hist\u00f3rico, Centro, Cuauht\u00e9moc, 06010 Ciudad de M\u00e9xico, CDMX, Mexico<\/p>\n\n<\/div>\n<\/div>\n\n<div class=\"gb-container gb-container-30edcf71\">\n\n<span class=\"gb-button gb-button-46047a95\"><span class=\"gb-icon\"><svg xmlns=\"http:\/\/www.w3.org\/2000\/svg\" fill=\"none\" viewBox=\"0 0 24 24\"><path fill=\"CurrentColor\" fill-rule=\"evenodd\" d=\"M7 2.75c-1.615 0-3.075.404-4.135 1.388C1.795 5.132 1.25 6.607 1.25 8.5v7c0 1.893.545 3.369 1.615 4.362 1.06.984 2.52 1.388 4.135 1.388h10c1.615 0 3.075-.404 4.135-1.388 1.07-.993 1.615-2.469 1.615-4.362v-7c0-1.893-.545-3.368-1.615-4.362-1.06-.984-2.52-1.388-4.135-1.388H7Zm12.229 5.612a.75.75 0 0 0-.918-1.187l-5.547 4.287a1.25 1.25 0 0 1-1.528 0L5.689 7.175a.75.75 0 1 0-.918 1.187l5.548 4.287a2.75 2.75 0 0 0 3.362 0l5.548-4.287Z\" clip-rule=\"evenodd\"><\/path><\/svg><\/span><\/span>\n\n\n<div class=\"gb-container gb-container-89274185\">\n\n<p class=\"gb-headline gb-headline-6fddf338 gb-headline-text\"><strong>Email<\/strong><\/p>\n\n\n\n<p class=\"gb-headline gb-headline-42f42ce4 gb-headline-text\">mexicocityairporttaxi@gmail.com<\/p>\n\n<\/div>\n<\/div>\n\n<div class=\"gb-container gb-container-13d44101\">\n\n<p class=\"gb-headline gb-headline-4c54888c gb-headline-text\"><strong>Follow us<\/strong><\/p>\n\n\n<div class=\"gb-container gb-container-ef57631b\">\n\n<a class=\"gb-button gb-button-7fd408db\" href=\"https:\/\/www.facebook.com\/mexicocityairporttaxi\/\" target=\"_blank\" rel=\"noopener noreferrer\" aria-label=\"Follow Us on Facebook\"><span class=\"gb-icon\"><svg aria-hidden=\"true\" role=\"img\" height=\"1em\" width=\"1em\" viewBox=\"0 0 320 512\" xmlns=\"http:\/\/www.w3.org\/2000\/svg\"><path fill=\"currentColor\" d=\"M279.14 288l14.22-92.66h-88.91v-60.13c0-25.35 12.42-50.06 52.24-50.06h40.42V6.26S260.43 0 225.36 0c-73.22 0-121.08 44.38-121.08 124.72v70.62H22.89V288h81.39v224h100.17V288z\"><\/path><\/svg><\/span><\/a>\n\n\n\n<span class=\"gb-button gb-button-83698b52\" aria-label=\"Follow Us on Instagram\"><span class=\"gb-icon\"><svg aria-hidden=\"true\" role=\"img\" height=\"1em\" width=\"1em\" viewBox=\"0 0 448 512\" xmlns=\"http:\/\/www.w3.org\/2000\/svg\"><path fill=\"currentColor\" d=\"M224.1 141c-63.6 0-114.9 51.3-114.9 114.9s51.3 114.9 114.9 114.9S339 319.5 339 255.9 287.7 141 224.1 141zm0 189.6c-41.1 0-74.7-33.5-74.7-74.7s33.5-74.7 74.7-74.7 74.7 33.5 74.7 74.7-33.6 74.7-74.7 74.7zm146.4-194.3c0 14.9-12 26.8-26.8 26.8-14.9 0-26.8-12-26.8-26.8s12-26.8 26.8-26.8 26.8 12 26.8 26.8zm76.1 27.2c-1.7-35.9-9.9-67.7-36.2-93.9-26.2-26.2-58-34.4-93.9-36.2-37-2.1-147.9-2.1-184.9 0-35.8 1.7-67.6 9.9-93.9 36.1s-34.4 58-36.2 93.9c-2.1 37-2.1 147.9 0 184.9 1.7 35.9 9.9 67.7 36.2 93.9s58 34.4 93.9 36.2c37 2.1 147.9 2.1 184.9 0 35.9-1.7 67.7-9.9 93.9-36.2 26.2-26.2 34.4-58 36.2-93.9 2.1-37 2.1-147.8 0-184.8zM398.8 388c-7.8 19.6-22.9 34.7-42.6 42.6-29.5 11.7-99.5 9-132.1 9s-102.7 2.6-132.1-9c-19.6-7.8-34.7-22.9-42.6-42.6-11.7-29.5-9-99.5-9-132.1s-2.6-102.7 9-132.1c7.8-19.6 22.9-34.7 42.6-42.6 29.5-11.7 99.5-9 132.1-9s102.7-2.6 132.1 9c19.6 7.8 34.7 22.9 42.6 42.6 11.7 29.5 9 99.5 9 132.1s2.7 102.7-9 132.1z\"><\/path><\/svg><\/span><\/span>\n\n<\/div>\n<\/div>\n<\/div>\n<\/div>\n\n<div class=\"gb-container gb-container-407723e0\">\n\n<h2 class=\"gb-headline gb-headline-d3937af9 gb-headline-text\">CDMX Airport Taxi<\/h2>\n\n\n<div class=\"gb-container gb-container-37502456\"><\/div>\n\n\n<p class=\"gb-headline gb-headline-2566bc7e gb-headline-text\">Interested in booking transportation to or from Mexico City&#8217;s Benito Juarez International Airport?<\/p>\n\n\n\n<p class=\"gb-headline gb-headline-16e75752 gb-headline-text\">Click here to reserve your taxi in advance and have a driver waiting for you as soon as you land at MEX Airport.<\/p>\n\n\n\n<h2 class=\"gb-headline gb-headline-561f8c6c gb-headline-text\">General Inquiries<\/h2>\n\n\n<div class=\"gb-container gb-container-8ab46616\"><\/div>\n\n<div class='fluentform ff-default fluentform_wrapper_8 ffs_default_wrap'><form data-form_id=\"8\" id=\"fluentform_8\" class=\"frm-fluent-form fluent_form_8 ff-el-form-top ff_form_instance_8_1 ff-form-loading ffs_default\" data-form_instance=\"ff_form_instance_8_1\" method=\"POST\" ><fieldset  style=\"border: none!important;margin: 0!important;padding: 0!important;background-color: transparent!important;box-shadow: none!important;outline: none!important; min-inline-size: 100%;\">\n                    <legend class=\"ff_screen_reader_title\" style=\"display: block; margin: 0!important;padding: 0!important;height: 0!important;text-indent: -999999px;width: 0!important;overflow:hidden;\">MEX Airport Taxi General Contact Form<\/legend><input type='hidden' name='__fluent_form_embded_post_id' value='78' \/><input type=\"hidden\" id=\"_fluentform_8_fluentformnonce\" name=\"_fluentform_8_fluentformnonce\" value=\"8828663418\" \/><input type=\"hidden\" name=\"_wp_http_referer\" value=\"\/de\/wp-json\/wp\/v2\/pages\/78\" \/><div data-type=\"name-element\" data-name=\"names\" class=\" ff-field_container ff-name-field-wrapper\" ><div class='ff-t-container'><div class='ff-t-cell '><div class='ff-el-group'><div class=\"ff-el-input--label ff-el-is-required asterisk-right\"><label for='ff_8_names_first_name_' id='label_ff_8_names_first_name_' >First Name (Nombre):<\/label><\/div><div class='ff-el-input--content'><input type=\"text\" name=\"names[first_name]\" id=\"ff_8_names_first_name_\" class=\"ff-el-form-control\" placeholder=\"First Name\" aria-invalid=\"false\" aria-required=true><\/div><\/div><\/div><div class='ff-t-cell '><div class='ff-el-group'><div class=\"ff-el-input--label ff-el-is-required asterisk-right\"><label for='ff_8_names_last_name_' id='label_ff_8_names_last_name_' >Last Name (Apellido):<\/label><\/div><div class='ff-el-input--content'><input type=\"text\" name=\"names[last_name]\" id=\"ff_8_names_last_name_\" class=\"ff-el-form-control\" placeholder=\"Last Name\" aria-invalid=\"false\" aria-required=true><\/div><\/div><\/div><\/div><\/div><div class='ff-el-group'><div class=\"ff-el-input--label ff-el-is-required asterisk-right\"><label for='ff_8_email' id='label_ff_8_email' aria-label=\"Email (Correo Electr\u00f3nico):\">Email (Correo Electr\u00f3nico):<\/label><\/div><div class='ff-el-input--content'><input type=\"email\" name=\"email\" id=\"ff_8_email\" class=\"ff-el-form-control\" placeholder=\"Email Address\" data-name=\"email\"  aria-invalid=\"false\" aria-required=true><\/div><\/div><div class='ff-el-group'><div class=\"ff-el-input--label ff-el-is-required asterisk-right\"><label for='ff_8_message' id='label_ff_8_message' aria-label=\"Message (Mensaje):\">Message (Mensaje):<\/label><\/div><div class='ff-el-input--content'><textarea aria-required=\"true\" aria-labelledby=\"label_ff_8_message\" name=\"message\" id=\"ff_8_message\" class=\"ff-el-form-control\" placeholder=\"Your Message\" rows=\"4\" cols=\"2\" data-name=\"message\" ><\/textarea><\/div><\/div><div class='ff-el-group ff-text-left ff_submit_btn_wrapper'><button type=\"submit\" class=\"ff-btn ff-btn-submit ff-btn-lg ff_btn_style wpf_has_custom_css\"  aria-label=\"SEND MESSAGE\">SEND MESSAGE<\/button><\/div><\/fieldset><\/form><div id='fluentform_8_errors' class='ff-errors-in-stack ff_form_instance_8_1 ff-form-loading_errors ff_form_instance_8_1_errors'><\/div><\/div>            <script type=\"text\/javascript\">\n                window.fluent_form_ff_form_instance_8_1 = {\"id\":\"8\",\"settings\":{\"layout\":{\"labelPlacement\":\"top\",\"helpMessagePlacement\":\"with_label\",\"errorMessagePlacement\":\"inline\",\"cssClassName\":\"\",\"asteriskPlacement\":\"asterisk-right\"},\"restrictions\":{\"denyEmptySubmission\":{\"enabled\":false}}},\"form_instance\":\"ff_form_instance_8_1\",\"form_id_selector\":\"fluentform_8\",\"rules\":{\"names[first_name]\":{\"required\":{\"value\":true,\"message\":\"Dieses Feld ist erforderlich\",\"global\":true,\"global_message\":\"This field is required\"}},\"names[middle_name]\":{\"required\":{\"value\":false,\"message\":\"Dieses Feld ist erforderlich\",\"global\":true,\"global_message\":\"This field is required\"}},\"names[last_name]\":{\"required\":{\"value\":true,\"message\":\"Dieses Feld ist erforderlich\",\"global\":true,\"global_message\":\"This field is required\"}},\"email\":{\"required\":{\"value\":true,\"message\":\"Dieses Feld ist erforderlich\",\"global\":true,\"global_message\":\"This field is required\"},\"email\":{\"value\":true,\"message\":\"Dieses Feld muss eine g\\u00fcltige E-Mail-Adresse enthalten\",\"global\":true,\"global_message\":\"This field must contain a valid email\"}},\"message\":{\"required\":{\"value\":true,\"message\":\"Dieses Feld ist erforderlich\",\"global\":true,\"global_message\":\"This field is required\"}}},\"debounce_time\":300};\n                            <\/script>\n            \n\n<\/div>\n<\/div>\n<\/section>","protected":false},"excerpt":{"rendered":"<p>Contact Us Questions, comments, feedback? Please fill out the form and we&#8217;ll be in touch as soon as possible. Address Plaza de la Constituci\u00f3n, Centro Hist\u00f3rico, Centro, Cuauht\u00e9moc, 06010 Ciudad de M\u00e9xico, CDMX, Mexico Email mexicocityairporttaxi@gmail.com Follow us CDMX Airport Taxi Interested in booking transportation to or from Mexico City&#8217;s Benito Juarez International Airport? Click &#8230; <a title=\"Kontakt\" class=\"read-more\" href=\"https:\/\/mexicocityairporttaxi.com\/de\/contact-us\/\" aria-label=\"Mehr Informationen \u00fcber Contact us\">Weiterlesen &#8230;<\/a><\/p>","protected":false},"author":1,"featured_media":0,"parent":0,"menu_order":0,"comment_status":"closed","ping_status":"closed","template":"","meta":{"_monsterinsights_skip_tracking":false,"_monsterinsights_sitenote_active":false,"_monsterinsights_sitenote_note":"","_monsterinsights_sitenote_category":0,"footnotes":""},"class_list":["post-78","page","type-page","status-publish"],"_links":{"self":[{"href":"https:\/\/mexicocityairporttaxi.com\/de\/wp-json\/wp\/v2\/pages\/78","targetHints":{"allow":["GET"]}}],"collection":[{"href":"https:\/\/mexicocityairporttaxi.com\/de\/wp-json\/wp\/v2\/pages"}],"about":[{"href":"https:\/\/mexicocityairporttaxi.com\/de\/wp-json\/wp\/v2\/types\/page"}],"author":[{"embeddable":true,"href":"https:\/\/mexicocityairporttaxi.com\/de\/wp-json\/wp\/v2\/users\/1"}],"replies":[{"embeddable":true,"href":"https:\/\/mexicocityairporttaxi.com\/de\/wp-json\/wp\/v2\/comments?post=78"}],"version-history":[{"count":10,"href":"https:\/\/mexicocityairporttaxi.com\/de\/wp-json\/wp\/v2\/pages\/78\/revisions"}],"predecessor-version":[{"id":3105,"href":"https:\/\/mexicocityairporttaxi.com\/de\/wp-json\/wp\/v2\/pages\/78\/revisions\/3105"}],"wp:attachment":[{"href":"https:\/\/mexicocityairporttaxi.com\/de\/wp-json\/wp\/v2\/media?parent=78"}],"curies":[{"name":"wp","href":"https:\/\/api.w.org\/{rel}","templated":true}]}}