{"id":2755,"date":"2024-03-29T01:32:03","date_gmt":"2024-03-29T07:32:03","guid":{"rendered":"https:\/\/oaxacatransportation.com\/?page_id=2755"},"modified":"2024-06-07T06:13:44","modified_gmt":"2024-06-07T12:13:44","slug":"descargo-de-responsabilidad","status":"publish","type":"page","link":"https:\/\/mexicocityairporttaxi.com\/es\/disclaimer\/","title":{"rendered":"Aviso de Privacidad"},"content":{"rendered":"<section class=\"gb-container gb-container-e94b6441\">\n<div class=\"gb-container gb-container-c7013488\">\n\n<h2 class=\"gb-headline gb-headline-e52e84d8 gb-headline-text\">Aviso de Privacidad<\/h2>\n\n\n\n<p><a href=\"https:\/\/mexicocityairporttaxi.com\/es\/\" data-type=\"page\" data-id=\"2241\">Aeropuerto de la Ciudad de M\u00e9xico Taxi.com<\/a> es un recurso informativo independiente para la Ciudad de M\u00e9xico, M\u00e9xico, que recomienda servicios de transporte a aquellos que est\u00e9n interesados \u200b\u200ben reservar un taxi privado desde o hacia el Aeropuerto Internacional de la Ciudad de M\u00e9xico.<\/p>\n\n\n\n<p>Al utilizar o acceder a MexicoCityAirportTaxi.com usted acepta nuestros t\u00e9rminos y condiciones. Este sitio web muestra informaci\u00f3n sobre los servicios de transporte prestados por los proveedores de transporte antes mencionados, seg\u00fan nuestro mejor conocimiento.\u00a0<\/p>\n\n\n\n<p>Aunque hacemos nuestro mejor esfuerzo para verificar la precisi\u00f3n de la informaci\u00f3n encontrada en este sitio web, siempre existe la posibilidad de que la informaci\u00f3n encontrada aqu\u00ed pueda estar desactualizada o incorrecta. No hacemos ninguna declaraci\u00f3n, promesa o garant\u00eda sobre la validez, exactitud y adecuaci\u00f3n del contenido de este sitio web y renunciamos expl\u00edcitamente a la responsabilidad por errores y omisiones en la informaci\u00f3n aqu\u00ed mostrada.&nbsp;<\/p>\n\n\n\n<p>No somos responsables de ning\u00fan da\u00f1o directo, indirecto, consecuente, incidental o punitivo que pueda resultar del uso de la informaci\u00f3n presentada en el sitio. Por favor, consulta los organismos p\u00fablicos o privados pertinentes para verificar la informaci\u00f3n que est\u00e1s buscando.<\/p>\n\n\n\n<p><a href=\"https:\/\/mexicocityairporttaxi.com\/es\/politica-de-privacidad\/\" data-type=\"page\" data-id=\"2242\"><span style=\"text-decoration: underline;\">Pol\u00edtica de Privacidad<\/span><\/a><\/p>\n\n<\/div>\n<\/section>","protected":false},"excerpt":{"rendered":"<p>Aviso legal del sitio web MexicoCityAirportTaxi.com es un recurso informativo independiente sobre la Ciudad de M\u00e9xico (M\u00e9xico) que recomienda servicios de transporte a quienes est\u00e9n interesados en reservar un taxi privado desde o hacia el Aeropuerto Internacional de la Ciudad de M\u00e9xico. Al utilizar o acceder a MexicoCityAirportTaxi.com, usted acepta nuestros t\u00e9rminos y condiciones. Este sitio web muestra informaci\u00f3n sobre los servicios de transporte prestados por el\u2026 <a title=\"Aviso de Privacidad\" class=\"read-more\" href=\"https:\/\/mexicocityairporttaxi.com\/es\/disclaimer\/\" aria-label=\"M\u00e1s informaci\u00f3n sobre el aviso legal\">Leer m\u00e1s<\/a><\/p>","protected":false},"author":1,"featured_media":0,"parent":0,"menu_order":0,"comment_status":"closed","ping_status":"closed","template":"","meta":{"_monsterinsights_skip_tracking":false,"_monsterinsights_sitenote_active":false,"_monsterinsights_sitenote_note":"","_monsterinsights_sitenote_category":0,"footnotes":""},"class_list":["post-2755","page","type-page","status-publish"],"_links":{"self":[{"href":"https:\/\/mexicocityairporttaxi.com\/es\/wp-json\/wp\/v2\/pages\/2755","targetHints":{"allow":["GET"]}}],"collection":[{"href":"https:\/\/mexicocityairporttaxi.com\/es\/wp-json\/wp\/v2\/pages"}],"about":[{"href":"https:\/\/mexicocityairporttaxi.com\/es\/wp-json\/wp\/v2\/types\/page"}],"author":[{"embeddable":true,"href":"https:\/\/mexicocityairporttaxi.com\/es\/wp-json\/wp\/v2\/users\/1"}],"replies":[{"embeddable":true,"href":"https:\/\/mexicocityairporttaxi.com\/es\/wp-json\/wp\/v2\/comments?post=2755"}],"version-history":[{"count":5,"href":"https:\/\/mexicocityairporttaxi.com\/es\/wp-json\/wp\/v2\/pages\/2755\/revisions"}],"predecessor-version":[{"id":3059,"href":"https:\/\/mexicocityairporttaxi.com\/es\/wp-json\/wp\/v2\/pages\/2755\/revisions\/3059"}],"wp:attachment":[{"href":"https:\/\/mexicocityairporttaxi.com\/es\/wp-json\/wp\/v2\/media?parent=2755"}],"curies":[{"name":"wp","href":"https:\/\/api.w.org\/{rel}","templated":true}]}}